{"id":3224,"date":"2018-12-19T07:54:52","date_gmt":"2018-12-19T07:54:52","guid":{"rendered":"https:\/\/petrarumdomus.com\/ementa\/"},"modified":"2026-03-04T16:28:57","modified_gmt":"2026-03-04T16:28:57","slug":"menu","status":"publish","type":"page","link":"https:\/\/petrarumdomus.com\/en\/menu\/","title":{"rendered":"Menu"},"content":{"rendered":"\t\t<div data-elementor-type=\"wp-post\" data-elementor-id=\"3224\" class=\"elementor elementor-3224 elementor-33\">\n\t\t\t\t\t\t<section class=\"elementor-section elementor-top-section elementor-element elementor-element-e1af275 elementor-section-full_width elementor-section-height-default elementor-section-height-default\" data-id=\"e1af275\" data-element_type=\"section\" data-e-type=\"section\">\n\t\t\t\t\t\t<div class=\"elementor-container elementor-column-gap-default\">\n\t\t\t\t\t<div class=\"elementor-column elementor-col-100 elementor-top-column elementor-element elementor-element-35238f1\" data-id=\"35238f1\" data-element_type=\"column\" data-e-type=\"column\">\n\t\t\t<div class=\"elementor-widget-wrap elementor-element-populated\">\n\t\t\t\t\t\t<div class=\"elementor-element elementor-element-31dceef elementor-widget elementor-widget-ova_heading\" data-id=\"31dceef\" data-element_type=\"widget\" data-e-type=\"widget\" data-widget_type=\"ova_heading.default\">\n\t\t\t\t<div class=\"elementor-widget-container\">\n\t\t\t\t\t\t\t\t\t<section class=\"breadcrumb-menu-v2 breadcrumb-section section-box\" style=\"background-image: url(https:\/\/petrarumdomus.com\/wp-content\/uploads\/2020\/07\/header-ementa.jpg)\">\n\t\t\t\t<div class=\"container\">\n\t\t\t\t\t<div class=\"breadcrumb-inner\">\n\t\t\t\t\t\t\t\t\t\t\t\t\t<h1>Menu<\/h1>\n\t\t\t\t\t\t\t\t\t\t\t\t\t\t\t\t\t<\/div>\t\n\t\t\t\t<\/div>\n\t\t\t<\/section>\n\t\t\t\t\t\t\t<\/div>\n\t\t\t\t<\/div>\n\t\t\t\t\t<\/div>\n\t\t<\/div>\n\t\t\t\t\t<\/div>\n\t\t<\/section>\n\t\t\t\t<section class=\"elementor-section elementor-top-section elementor-element elementor-element-f6ed1c6 elementor-section-boxed elementor-section-height-default elementor-section-height-default\" data-id=\"f6ed1c6\" data-element_type=\"section\" data-e-type=\"section\">\n\t\t\t\t\t\t<div class=\"elementor-container elementor-column-gap-default\">\n\t\t\t\t\t<div class=\"elementor-column elementor-col-100 elementor-top-column elementor-element elementor-element-b390a77\" data-id=\"b390a77\" data-element_type=\"column\" data-e-type=\"column\">\n\t\t\t<div class=\"elementor-widget-wrap elementor-element-populated\">\n\t\t\t\t\t\t<div class=\"elementor-element elementor-element-a09ea81 elementor-widget elementor-widget-spacer\" data-id=\"a09ea81\" data-element_type=\"widget\" data-e-type=\"widget\" data-widget_type=\"spacer.default\">\n\t\t\t\t<div class=\"elementor-widget-container\">\n\t\t\t\t\t\t\t<div class=\"elementor-spacer\">\n\t\t\t<div class=\"elementor-spacer-inner\"><\/div>\n\t\t<\/div>\n\t\t\t\t\t\t<\/div>\n\t\t\t\t<\/div>\n\t\t\t\t<div class=\"elementor-element elementor-element-737e529f elementor-widget elementor-widget-ova_heading\" data-id=\"737e529f\" data-element_type=\"widget\" data-e-type=\"widget\" data-widget_type=\"ova_heading.default\">\n\t\t\t\t<div class=\"elementor-widget-container\">\n\t\t\t\t\t\t\t\t\t\t<div class=\"ova-heading\">\n\t\t\t\t\t\t\t\t\t\t\t\t\t<h3 class=\"special-heading main-color three_font\">Ginjinha with them.<\/h3>\n\t\t\t\t\t\t\t\t\t\t\t\t\t\t\t\t\t\t\t<h2 class=\"special-heading-1 second_font\">Try our Ginja!<\/h2>\n\t\t\t\t\t\t\t\t\t\t\t<\/div>\n\t\t\t\t\t\t\t\t<\/div>\n\t\t\t\t<\/div>\n\t\t\t\t<div class=\"elementor-element elementor-element-a28215c elementor-widget elementor-widget-text-editor\" data-id=\"a28215c\" data-element_type=\"widget\" data-e-type=\"widget\" data-widget_type=\"text-editor.default\">\n\t\t\t\t<div class=\"elementor-widget-container\">\n\t\t\t\t\t\t\t\t\t<h6>COUVERT<\/h6><p>Butter \u2013 \u20ac0.90<br \/>P\u00e2t\u00e9 \u2013 \u20ac1.95<br \/>Bread \u2013 \u20ac1.00<br \/>Olives \u2013 \u20ac1.60<br \/>Regional dry\/buttery cheese \u2013 \u20ac4.30<br \/>Fresh cheese \u2013 \u20ac2.00<\/p><h6>STARTERS<\/h6><p>Sausage platter \u2013 \u20ac11.90<br \/>Regional cheese platter \u2013 \u20ac14.95<br \/>Gratinated goat cheese with honey and walnuts \u2013 \u20ac11.95<br \/>Scrambled eggs with farinheira sausage \u2013 \u20ac9.95<br \/>Roasted chorizo \u200b\u200b(approx. 240g) \u2013 \u20ac11.90<br \/>Octopus salad (approx. 220g) \u2013 \u20ac12.95<br \/>Guillo-style shrimp (10 units) \u2013 R$ 22.95<\/p><h6>SOUP<\/h6><p>Cream of vegetable soup \u2013 \u20ac2.95<\/p><h6>SALADS<\/h6><p>Mixed salad \u2013 \u20ac5.90<br \/>Caprese salad (tomato and mozzarella cheese) \u2013 \u20ac10.95<br \/>Tuna salad \u2013 \u20ac9.95<br \/>Smoked salmon salad \u2013 \u20ac15.95<br \/>Ham and cheese salad \u2013 \u20ac10.95<\/p><h6>PASTA<\/h6><p>Vegetarian fettuccine \u2013 \u20ac11.95<br \/>Spaghetti Bolognese \u2013 \u20ac14.95<br \/>Spaghetti with smoked salmon \u2013 \u20ac15.95<br \/>Fettuccine with shrimp \u2013 \u20ac17.75<br \/>Spaghetti Carbonara \u2013 \u20ac13.95<\/p><h6>FISH<\/h6><p>Cod \u00e0 Br\u00e1s \u2013 \u20ac18.95<br \/>Cod with crust Cornbread \u2013 R$ 23.95<br \/>Chef&#8217;s Cod \u2013 \u20ac23.95<br \/>Cod with Prawns \u2013 \u20ac26.95<br \/>Petrarum-style Octopus \u2013 \u20ac25.95<br \/>Atlantis-style Salmon \u2013 \u20ac23.95<br \/>Portuguese-style Tuna Steak \u2013 \u20ac23.95<\/p><h6>MEATS<\/h6><p>Chicken Steak with Pineapple \u2013 $16.95<br \/>Pork Tenderloin with Mushrooms \u2013 $15.95<br \/>Pork Tenderloin with Orange \u2013 \u20ac15.95<br \/>Portuguese-style Veal Ribeye Steak \u2013 \u20ac24.95<br \/>Petrarum-style Sirloin Steak \u2013 \u20ac25.95<br \/>Duck Breast with Sour Cherry Sauce \u2013 $22.95<\/p><h6>DESSERTS<\/h6><p>Cherry Cheesecake Sour Milk Chocolate \u2013 \u20ac6.50<br \/>Brigadeiro Cake \u2013 R$5.00<br \/>\u00d3bidos Sweet Pudding \u2013 \u20ac5.50<br \/>Cr\u00e8me Br\u00fbl\u00e9e \u2013 \u20ac5.50<br \/>Old-Fashioned Chocolate Mousse \u2013 \u20ac6.50<br \/>Dessert of the Day \u2013 R$4.50<\/p><p>ICMS Included at the Current Rate<br \/>No dish, food product or beverage, including the &#8220;couvert,&#8221; can be charged if it is not requested by the customer or is not used by them \u2013 Decree-Law No. 10\/2015 of January 16. The indicated dishes may contain allergenic ingredients. For more information, consult our team.<\/p><h4>WINE LIST \u2013 750 ml<\/h4><h6>WHITE WINE<\/h6><p>Local &amp; Lisbon<br \/>Sauvignon Blanc D.O.C. Page \u00d3bidos \u2013 \u20ac29.90<br \/>Arinto D.O.C. \u00d3bidos \u2013 \u20ac27.90<br \/>Fazenda S\u00e3o Francisco D.O.C. \u00d3bidos \u2013 \u20ac19.90<br \/>P\u00e1gina Encruzado \u2013 \u20ac27.90<br \/>Adega M\u00e3e Riesling \u2013 R$25.90<br \/>Adega M\u00e3e Chardonnay \u2013 R$26.90<br \/>Adega M\u00e3e Chardonnay Vinhas Velhas Vital \u2013 R$49.50<br \/>Adega M\u00e3e Reserva \u2013 R$29.90<\/p><h6>Tejo<\/h6><p>Brid\u00e3o Private Collection \u2013 R$23.90<br \/>Brid\u00e3o Cl\u00e1ssico \u2013 \u20ac16.90<br \/>Brid\u00e3o Reserva \u2013 R$24.90<br \/>Brid\u00e3o Colheita Tardia \u2013 \u20ac19.90<br \/>Quinta da Lapa Sauvignon Blanc \u2013 \u20ac26.90<\/p><h6>Alentejo<\/h6><p>Monte das Servas \u2013 R$19.90<br \/>Herdade do Sobroso, Sobro \u2013 \u20ac24.90<\/p><h6>D\u00e3o<\/h6><p>Villae Taboadella \u2013 R$ 21.00<br \/>Taboadella Encruzado \u2013 R$ 27.00<br \/>Casa da Passarella Abanico Reserva \u2013 R$ 26.90<\/p><h6>Douro<\/h6><p>Planalto Reserva \u2013 R$ 19.90<br \/>Martha\u2019s \u2013 $ 21.90<br \/>Flor das Tecedeiras \u2013 \u20ac26.90<br \/>Set\u00fabal Peninsula<\/p><p>Quinta de Camarate \u2013 \u20ac21.90<\/p><h4>RED WINE<\/h4><h6>Local &amp; Lisbon<\/h6><p>Quinta das Cerejeiras Grande Reserva \u2013 \u20ac45.00<br \/>Fazenda S\u00e3o Francisco D.O.C. \u00d3bidos \u2013 R$ 21.90<br \/>Touriga Nacional \u2013 \u20ac27.90<br \/>Pinot Noir \u2013 \u20ac29.90<br \/>Vin\u00edcola M\u00e3e Cabernet Sauvignon \u2013 R$ 24.90<br \/>Adega M\u00e3e Merlot \u2013 R$ 24.90<br \/>Adega M\u00e3e Petit Verdot \u2013 R$ 24.90<br \/>Adega M\u00e3e Reserva \u2013 R$ 32.00<\/p><h6>Tejo<\/h6><p>Brid\u00e3o Private Collection \u2013 R$ 24.90<br \/>Brid\u00e3o Reserva \u2013 R$ 26.90<br \/>Brid\u00e3o Merlot \u2013 R$ 19.90<br \/>Brid\u00e3o Syrah \u2013 R$ 19.90<br \/>Brid\u00e3o Cl\u00e1ssico \u2013 R$ 17.90<br \/>Desalmado \u2013 R$ 55.00<br \/>Quinta da Lagoalva Reserva \u2013 R$ 27.90<br \/>Quinta da Lapa Homenagem \u2013 R$ 42.90<br \/>Quinta da Lapa Reserva Cabernet Sauvignon \u2013 R$ 26.90<br \/>Quinta da Lapa Reserva Syrah \u2013 R$ 23.90<\/p><h6>Alentejo<\/h6><p>Monte das Servas \u2013 R$ 19.90<br \/>Herdade das Servas \u2013 \u20ac29.50<br \/>Herdade das Servas, Old Vines \u2013 \u20ac79.00<br \/>Cartuxa Colheita \u2013 R$ 37.00<br \/>Espor\u00e3o Reserva \u2013 R$ 35.00<br \/>Herdade do Sobroso, Sobro \u2013 \u20ac24.90<br \/>Monte dos Perdig\u00f5es Reserva \u2013 R$ 25.90<\/p><h6>D\u00e3o<\/h6><p>Villae Taboadella (D\u00e3o) \u2013 R$ 24.00<br \/>Taboadella Jaen (D\u00e3o) \u2013 R$ 33.00<br \/>Casa da Passarella Abanico Reserva \u2013 R$ 26.90<\/p><h6>Douro<\/h6><p>Quinta Nova Unoaked \u2013 \u20ac25.90<br \/>Quinta Nova Terroir Blend \u2013 R$ 33.00<br \/>Martha\u2019s \u2013 R$ 21.00<br \/>Flor das Tecedeiras \u2013 R$ 23.90<br \/>Quinta das Tecedeiras Libertas \u2013 \u20ac49.00<\/p><h6>VINHO VERDE<\/h6><p>Alvarinho Deuladeu \u2013 R$ 21.50<br \/>Pequenos Rebentos Alvarinho \u2013 \u20ac24.50<br \/>Casal Garcia \u2013 R$ 14.95<\/p><h6>ROS\u00c9 WINE<\/h6><p>Mateus Ros\u00e9 \u2013 \u20ac14.95<br \/>Casa da Passarella A Descoberta \u2013 R$ 21.90<\/p><h6>SPARKLING WINES<\/h6><p>Terras do Demo (T\u00e1vora \u2013 Varosa) \u2013 R$ 22.00<br \/>Lagoalva \u2013 R$ 24.00<br \/>Plexus Branco Gaseificado (Tejo) \u2013 \u20ac11.50 \u20ac<br \/>Plexus Ros\u00e9 Sparkling Wine (Tejo) \u2013 \u20ac11.50<\/p><h6>SANGRIAS<\/h6><p>White Wine Sangria &#8211; \u20ac19.90<br \/>Red Wine Sangria &#8211; \u20ac19.90<br \/>Special Sparkling White\/Ros\u00e9 Sangria &#8211; R$21.90<br \/>Glass of White\/Red Sangria \u2013 \u20ac7.75<\/p><h6>Red Wines by the glass (150ml)<\/h6><p>Fazenda S\u00e3o Francisco (D.O.C. \u00d3bidos) \u2013 R$6.50<br \/>Brid\u00e3o Cl\u00e1ssico (Tejo) (House Wine) \u2013 \u20ac4.50<br \/>Quinta da Lapa Reserva Cabernet Sauvignon (Tejo) \u2013 \u20ac6.50<br \/>Monte dos Perdig\u00f5es Reserva (Alentejo) \u2013 \u20ac6.90<br \/>Martha\u2019s (Douro) \u2013 R$6.50<\/p><h6>White Wines by the Glass (150ml)<\/h6><p>Fazenda S\u00e3o Francisco (D.O.C. \u00d3bidos) \u2013 R$ 6.50<br \/>Brid\u00e3o Cl\u00e1ssico (Tejo) (House Wine) \u2013 \u20ac4.50<br \/>Quinta da Lapa Sauvignon Blanc \u2013 \u20ac6.50<br \/>Adega M\u00e3e Chardonnay \u2013 \u20ac6.90<br \/>Martha\u2019s (Douro) \u2013 R$ 6.90<br \/>Quinta de Camarate (Dry) Pen\u00ednsula Set\u00fabal \u2013 \u20ac6.90<br \/>Planalto Reserva \u2013 R$ 5.50<br \/>Ros\u00e9 Wine by the Glass (150ml)<br \/>Mateus Ros\u00e9 \u2013 R$ 5.75<br \/>Vinho Verde by the Glass (150ml)<br \/>Alvarinho Deuladeu \u2013 R$ 6.50<\/p><p>ICMS Included at the Current Rate<br \/>Allergens: May contain sulfites<\/p><h4>BAR MENU<\/h4><h6>Beer<\/h6><p>Imperial Sagres Pilsener (25 cl) \u2013 \u20ac1.95<br \/>Imperial Sagres Pilsener (50 cl) \u2013 \u20ac3.50<br \/>Heineken 33cl \u2013 \u20ac2.50<br \/>Sagres Non-Alcoholic \u2013 \u20ac1.95<br \/>Tango, Imperial with Blackcurrant (25cl) \u2013 \u20ac2.25<br \/>Panach\u00e9, Imperial with Soda (25cl) \u2013 \u20ac2.25<\/p><h6>Cider<\/h6><p>Bandida do Pomar \u2013 \u20ac2.95<\/p><h4>Our Specialty<\/h4><p>Ginja Petrarum \u2013 \u20ac4.00 (6cl)<br \/>Ginja Reserva \u2013 \u20ac5.50 (6cl)<br \/>Ginja in a Chocolate Cup \u2013 \u20ac1.50<br \/>Ginja Tonic \u2013 \u20ac7.50<\/p><h4>WITHOUT ALCOHOL<\/h4><h6>Hot Drinks<\/h6><p>Espresso\/Decaffeinated \u2013 R$ 1.20<br \/>Double \u2013 R$ 2.20<br \/>Coffee with a splash of milk \u2013 R$ 2.20<br \/>Americano \u2013 \u20ac1.60<br \/>Hot Chocolate \u2013 R$ 3.00<br \/>Domus Coffee \u2013 R$ 2.75<br \/>Half-and-half milk \u2013 R$ 2.20<br \/>Gal\u00e3o (1\/2 coffee 1\/2 milk) \u2013 R$ 2.50<br \/>Cappuccino (1\/3 coffee 2\/3 milk) \u2013 R$ 2.50<\/p><h6>Cold Drinks<\/h6><p>Natural Orange Juice \u2013 \u20ac3.50<br \/>Still Water (0.50) \u2013 R$ 1.60<br \/>Sparkling Water (0.25) \u2013 \u20ac2.00<br \/>Flavored Sparkling Water (0.25) \u2013 \u20ac2.00<br \/>Coca-Cola Sprite | Fanta Orange \u2013 \u20ac2.20<br \/>Tonic Water \u2013 \u20ac2.20<br \/>Ginger Ale \u2013 \u20ac2.20<br \/>Lemon\/Peach Iced Tea \u2013 \u20ac2.20<br \/>Juices and Nectars \u2013 \u20ac1.95<\/p><h4>WITH ALCOHOL<\/h4><p>Brandy Caf\u00e9 \u2013 \u20ac4.00<br \/>Caf\u00e9 Caf\u00e9 \u2013 \u20ac4.00<br \/>Petrarum Caf\u00e9 \u2013 \u20ac5.00<br \/>Irish Coffee \u2013 \u20ac7.50<br \/>Nuts Caf\u00e9 \u2013 \u20ac5.00<br \/>Caipirinha\/Osca \u2013 \u20ac5.50<br \/>Various Cocktails \u2013 \u20ac5.50<br \/>Celta \u2013 \u20ac3.00<\/p>\t\t\t\t\t\t\t\t<\/div>\n\t\t\t\t<\/div>\n\t\t\t\t<div class=\"elementor-element elementor-element-511ff06 elementor-widget elementor-widget-spacer\" data-id=\"511ff06\" data-element_type=\"widget\" data-e-type=\"widget\" data-widget_type=\"spacer.default\">\n\t\t\t\t<div class=\"elementor-widget-container\">\n\t\t\t\t\t\t\t<div class=\"elementor-spacer\">\n\t\t\t<div class=\"elementor-spacer-inner\"><\/div>\n\t\t<\/div>\n\t\t\t\t\t\t<\/div>\n\t\t\t\t<\/div>\n\t\t\t\t\t<\/div>\n\t\t<\/div>\n\t\t\t\t\t<\/div>\n\t\t<\/section>\n\t\t\t\t<section class=\"elementor-section elementor-top-section elementor-element elementor-element-6cac6c49 elementor-section-boxed elementor-section-height-default elementor-section-height-default\" data-id=\"6cac6c49\" data-element_type=\"section\" data-e-type=\"section\" data-settings=\"{&quot;background_background&quot;:&quot;classic&quot;}\">\n\t\t\t\t\t\t<div class=\"elementor-container elementor-column-gap-default\">\n\t\t\t\t\t<div class=\"elementor-column elementor-col-25 elementor-top-column elementor-element elementor-element-77a7dbfc\" data-id=\"77a7dbfc\" data-element_type=\"column\" data-e-type=\"column\">\n\t\t\t<div class=\"elementor-widget-wrap elementor-element-populated\">\n\t\t\t\t\t\t<div class=\"elementor-element elementor-element-3fbebd62 elementor-widget elementor-widget-heading\" data-id=\"3fbebd62\" data-element_type=\"widget\" data-e-type=\"widget\" data-widget_type=\"heading.default\">\n\t\t\t\t<div class=\"elementor-widget-container\">\n\t\t\t\t\t<h1 class=\"elementor-heading-title elementor-size-default\">We are open<\/h1>\t\t\t\t<\/div>\n\t\t\t\t<\/div>\n\t\t\t\t<div class=\"elementor-element elementor-element-4750256a elementor-widget elementor-widget-heading\" data-id=\"4750256a\" data-element_type=\"widget\" data-e-type=\"widget\" data-widget_type=\"heading.default\">\n\t\t\t\t<div class=\"elementor-widget-container\">\n\t\t\t\t\t<h1 class=\"elementor-heading-title elementor-size-default\">From 9:30 AM to 11:00 PM<\/h1>\t\t\t\t<\/div>\n\t\t\t\t<\/div>\n\t\t\t\t<div class=\"elementor-element elementor-element-61b02bf2 elementor-widget elementor-widget-heading\" data-id=\"61b02bf2\" data-element_type=\"widget\" data-e-type=\"widget\" data-widget_type=\"heading.default\">\n\t\t\t\t<div class=\"elementor-widget-container\">\n\t\t\t\t\t<h1 class=\"elementor-heading-title elementor-size-default\">Every day<\/h1>\t\t\t\t<\/div>\n\t\t\t\t<\/div>\n\t\t\t\t\t<\/div>\n\t\t<\/div>\n\t\t\t\t<div class=\"elementor-column elementor-col-25 elementor-top-column elementor-element elementor-element-1ad16372\" data-id=\"1ad16372\" data-element_type=\"column\" data-e-type=\"column\">\n\t\t\t<div class=\"elementor-widget-wrap elementor-element-populated\">\n\t\t\t\t\t\t<div class=\"elementor-element elementor-element-3b45d48f elementor-widget elementor-widget-heading\" data-id=\"3b45d48f\" data-element_type=\"widget\" data-e-type=\"widget\" data-widget_type=\"heading.default\">\n\t\t\t\t<div class=\"elementor-widget-container\">\n\t\t\t\t\t<h1 class=\"elementor-heading-title elementor-size-default\">Lunches<\/h1>\t\t\t\t<\/div>\n\t\t\t\t<\/div>\n\t\t\t\t<div class=\"elementor-element elementor-element-7bcb5dc8 elementor-widget elementor-widget-heading\" data-id=\"7bcb5dc8\" data-element_type=\"widget\" data-e-type=\"widget\" data-widget_type=\"heading.default\">\n\t\t\t\t<div class=\"elementor-widget-container\">\n\t\t\t\t\t<h1 class=\"elementor-heading-title elementor-size-default\">From 12:00 AM to 3:30 PM<\/h1>\t\t\t\t<\/div>\n\t\t\t\t<\/div>\n\t\t\t\t<div class=\"elementor-element elementor-element-4367e9ef elementor-widget elementor-widget-heading\" data-id=\"4367e9ef\" data-element_type=\"widget\" data-e-type=\"widget\" data-widget_type=\"heading.default\">\n\t\t\t\t<div class=\"elementor-widget-container\">\n\t\t\t\t\t<h1 class=\"elementor-heading-title elementor-size-default\">Every day<\/h1>\t\t\t\t<\/div>\n\t\t\t\t<\/div>\n\t\t\t\t\t<\/div>\n\t\t<\/div>\n\t\t\t\t<div class=\"elementor-column elementor-col-25 elementor-top-column elementor-element elementor-element-23715180\" data-id=\"23715180\" data-element_type=\"column\" data-e-type=\"column\">\n\t\t\t<div class=\"elementor-widget-wrap elementor-element-populated\">\n\t\t\t\t\t\t<div class=\"elementor-element elementor-element-15a9b1fa elementor-widget elementor-widget-heading\" data-id=\"15a9b1fa\" data-element_type=\"widget\" data-e-type=\"widget\" data-widget_type=\"heading.default\">\n\t\t\t\t<div class=\"elementor-widget-container\">\n\t\t\t\t\t<h1 class=\"elementor-heading-title elementor-size-default\">Afternoon Snacks<\/h1>\t\t\t\t<\/div>\n\t\t\t\t<\/div>\n\t\t\t\t<div class=\"elementor-element elementor-element-6a00ec89 elementor-widget elementor-widget-heading\" data-id=\"6a00ec89\" data-element_type=\"widget\" data-e-type=\"widget\" data-widget_type=\"heading.default\">\n\t\t\t\t<div class=\"elementor-widget-container\">\n\t\t\t\t\t<h1 class=\"elementor-heading-title elementor-size-default\">From 3:30 PM to 7:00 PM<\/h1>\t\t\t\t<\/div>\n\t\t\t\t<\/div>\n\t\t\t\t<div class=\"elementor-element elementor-element-47f90699 elementor-widget elementor-widget-heading\" data-id=\"47f90699\" data-element_type=\"widget\" data-e-type=\"widget\" data-widget_type=\"heading.default\">\n\t\t\t\t<div class=\"elementor-widget-container\">\n\t\t\t\t\t<h1 class=\"elementor-heading-title elementor-size-default\">Every day<\/h1>\t\t\t\t<\/div>\n\t\t\t\t<\/div>\n\t\t\t\t\t<\/div>\n\t\t<\/div>\n\t\t\t\t<div class=\"elementor-column elementor-col-25 elementor-top-column elementor-element elementor-element-7d7f3898\" data-id=\"7d7f3898\" data-element_type=\"column\" data-e-type=\"column\">\n\t\t\t<div class=\"elementor-widget-wrap elementor-element-populated\">\n\t\t\t\t\t\t<div class=\"elementor-element elementor-element-1c7605be elementor-widget elementor-widget-heading\" data-id=\"1c7605be\" data-element_type=\"widget\" data-e-type=\"widget\" data-widget_type=\"heading.default\">\n\t\t\t\t<div class=\"elementor-widget-container\">\n\t\t\t\t\t<h1 class=\"elementor-heading-title elementor-size-default\">Dinners<\/h1>\t\t\t\t<\/div>\n\t\t\t\t<\/div>\n\t\t\t\t<div class=\"elementor-element elementor-element-2386463c elementor-widget elementor-widget-heading\" data-id=\"2386463c\" data-element_type=\"widget\" data-e-type=\"widget\" data-widget_type=\"heading.default\">\n\t\t\t\t<div class=\"elementor-widget-container\">\n\t\t\t\t\t<h1 class=\"elementor-heading-title elementor-size-default\">From 7:00 PM  to 10:00 PM<\/h1>\t\t\t\t<\/div>\n\t\t\t\t<\/div>\n\t\t\t\t<div class=\"elementor-element elementor-element-770661c1 elementor-widget elementor-widget-heading\" data-id=\"770661c1\" data-element_type=\"widget\" data-e-type=\"widget\" data-widget_type=\"heading.default\">\n\t\t\t\t<div class=\"elementor-widget-container\">\n\t\t\t\t\t<h1 class=\"elementor-heading-title elementor-size-default\">Every day<\/h1>\t\t\t\t<\/div>\n\t\t\t\t<\/div>\n\t\t\t\t\t<\/div>\n\t\t<\/div>\n\t\t\t\t\t<\/div>\n\t\t<\/section>\n\t\t\t\t<\/div>\n\t\t","protected":false},"excerpt":{"rendered":"<p>Menu Ginjinha with them. Try our Ginja! COUVERT Butter \u2013 \u20ac0.90P\u00e2t\u00e9 \u2013 \u20ac1.95Bread \u2013 \u20ac1.00Olives \u2013 \u20ac1.60Regional dry\/buttery cheese \u2013 \u20ac4.30Fresh cheese \u2013 \u20ac2.00 STARTERS Sausage platter \u2013 \u20ac11.90Regional cheese platter \u2013 \u20ac14.95Gratinated goat cheese with honey and walnuts \u2013 \u20ac11.95Scrambled eggs with farinheira sausage \u2013 \u20ac9.95Roasted chorizo \u200b\u200b(approx. 240g) \u2013 \u20ac11.90Octopus salad (approx. 220g) [&hellip;]<\/p>\n","protected":false},"author":1,"featured_media":0,"parent":0,"menu_order":0,"comment_status":"closed","ping_status":"closed","template":"elementor_header_footer","meta":{"footnotes":""},"class_list":["post-3224","page","type-page","status-publish","hentry"],"_links":{"self":[{"href":"https:\/\/petrarumdomus.com\/en\/wp-json\/wp\/v2\/pages\/3224","targetHints":{"allow":["GET"]}}],"collection":[{"href":"https:\/\/petrarumdomus.com\/en\/wp-json\/wp\/v2\/pages"}],"about":[{"href":"https:\/\/petrarumdomus.com\/en\/wp-json\/wp\/v2\/types\/page"}],"author":[{"embeddable":true,"href":"https:\/\/petrarumdomus.com\/en\/wp-json\/wp\/v2\/users\/1"}],"replies":[{"embeddable":true,"href":"https:\/\/petrarumdomus.com\/en\/wp-json\/wp\/v2\/comments?post=3224"}],"version-history":[{"count":6,"href":"https:\/\/petrarumdomus.com\/en\/wp-json\/wp\/v2\/pages\/3224\/revisions"}],"predecessor-version":[{"id":4259,"href":"https:\/\/petrarumdomus.com\/en\/wp-json\/wp\/v2\/pages\/3224\/revisions\/4259"}],"wp:attachment":[{"href":"https:\/\/petrarumdomus.com\/en\/wp-json\/wp\/v2\/media?parent=3224"}],"curies":[{"name":"wp","href":"https:\/\/api.w.org\/{rel}","templated":true}]}}