{"id":3244,"date":"2018-12-19T07:57:26","date_gmt":"2018-12-19T07:57:26","guid":{"rendered":"https:\/\/petrarumdomus.com\/provas-de-ginja-de-obidos\/"},"modified":"2020-10-27T17:58:09","modified_gmt":"2020-10-27T17:58:09","slug":"ginja-tasting","status":"publish","type":"page","link":"https:\/\/petrarumdomus.com\/en\/ginja-tasting\/","title":{"rendered":"Ginja Tasting"},"content":{"rendered":"\t\t<div data-elementor-type=\"wp-post\" data-elementor-id=\"3244\" class=\"elementor elementor-3244 elementor-43\">\n\t\t\t\t\t\t<section class=\"elementor-section elementor-top-section elementor-element elementor-element-eba3b6b elementor-section-full_width elementor-section-height-default elementor-section-height-default\" data-id=\"eba3b6b\" data-element_type=\"section\" data-e-type=\"section\">\n\t\t\t\t\t\t<div class=\"elementor-container elementor-column-gap-default\">\n\t\t\t\t\t<div class=\"elementor-column elementor-col-100 elementor-top-column elementor-element elementor-element-c7b6679\" data-id=\"c7b6679\" data-element_type=\"column\" data-e-type=\"column\">\n\t\t\t<div class=\"elementor-widget-wrap elementor-element-populated\">\n\t\t\t\t\t\t<div class=\"elementor-element elementor-element-b51b1a0 elementor-widget elementor-widget-ova_heading\" data-id=\"b51b1a0\" data-element_type=\"widget\" data-e-type=\"widget\" data-widget_type=\"ova_heading.default\">\n\t\t\t\t<div class=\"elementor-widget-container\">\n\t\t\t\t\t\t\t\t\t<section class=\"breadcrumb-menu-v2 breadcrumb-section section-box\" style=\"background-image: url(https:\/\/petrarumdomus.com\/wp-content\/uploads\/2020\/07\/header-prova-ginja.jpg)\">\n\t\t\t\t<div class=\"container\">\n\t\t\t\t\t<div class=\"breadcrumb-inner\">\n\t\t\t\t\t\t\t\t\t\t\t\t\t<h1>Ginja Tasting<\/h1>\n\t\t\t\t\t\t\t\t\t\t\t\t\t\t\t\t\t\t\t<span class=\"breadcrumbs-text\">From 10:00 AM to 10:00 PM<\/span>\n\t\t\t\t\t\t\t\t\t\t\t<\/div>\t\n\t\t\t\t<\/div>\n\t\t\t<\/section>\n\t\t\t\t\t\t\t<\/div>\n\t\t\t\t<\/div>\n\t\t\t\t\t<\/div>\n\t\t<\/div>\n\t\t\t\t\t<\/div>\n\t\t<\/section>\n\t\t\t\t<section class=\"elementor-section elementor-top-section elementor-element elementor-element-be924eb elementor-section-boxed elementor-section-height-default elementor-section-height-default\" data-id=\"be924eb\" data-element_type=\"section\" data-e-type=\"section\" data-settings=\"{&quot;background_background&quot;:&quot;classic&quot;}\">\n\t\t\t\t\t\t<div class=\"elementor-container elementor-column-gap-default\">\n\t\t\t\t\t<div class=\"elementor-column elementor-col-100 elementor-top-column elementor-element elementor-element-c56357f\" data-id=\"c56357f\" data-element_type=\"column\" data-e-type=\"column\">\n\t\t\t<div class=\"elementor-widget-wrap elementor-element-populated\">\n\t\t\t\t\t\t<div class=\"elementor-element elementor-element-958a200 elementor-widget elementor-widget-ova_heading\" data-id=\"958a200\" data-element_type=\"widget\" data-e-type=\"widget\" data-widget_type=\"ova_heading.default\">\n\t\t\t\t<div class=\"elementor-widget-container\">\n\t\t\t\t\t\t\t\t\t\t<div class=\"ova-heading\">\n\t\t\t\t\t\t\t\t\t\t\t\t\t<h3 class=\"special-heading main-color three_font\">Try the celebrated liquor<\/h3>\n\t\t\t\t\t\t\t\t\t\t\t\t\t\t\t\t\t\t\t<h2 class=\"special-heading-1 second_font\">Ginja de \u00d3bidos<\/h2>\n\t\t\t\t\t\t\t\t\t\t\t<\/div>\n\t\t\t\t\t\t\t\t<\/div>\n\t\t\t\t<\/div>\n\t\t\t\t<div class=\"elementor-element elementor-element-5e4a3e1 p-reon elementor-widget elementor-widget-text-editor\" data-id=\"5e4a3e1\" data-element_type=\"widget\" data-e-type=\"widget\" data-widget_type=\"text-editor.default\">\n\t\t\t\t<div class=\"elementor-widget-container\">\n\t\t\t\t\t\t\t\t\t<p>We invite all visitors, to \u00d3bidos and to our space, to try our most famous local drink: the famous Ginja de \u00d3bidos. We have at your disposal the best and most varied brands, simple, in a chocolate cup, with &#8220;them&#8221; or without &#8220;them&#8221;.<\/p><p><strong>We are available for Ginja de \u00d3bidos tasting from 10 AM to 10 PM every day.<\/strong><\/p>\t\t\t\t\t\t\t\t<\/div>\n\t\t\t\t<\/div>\n\t\t\t\t\t<\/div>\n\t\t<\/div>\n\t\t\t\t\t<\/div>\n\t\t<\/section>\n\t\t\t\t<section class=\"elementor-section elementor-top-section elementor-element elementor-element-ae60cd1 elementor-section-boxed elementor-section-height-default elementor-section-height-default\" data-id=\"ae60cd1\" data-element_type=\"section\" data-e-type=\"section\" data-settings=\"{&quot;background_background&quot;:&quot;classic&quot;}\">\n\t\t\t\t\t\t<div class=\"elementor-container elementor-column-gap-default\">\n\t\t\t\t\t<div class=\"elementor-column elementor-col-33 elementor-top-column elementor-element elementor-element-7203028 ova-video-min-height-400\" data-id=\"7203028\" data-element_type=\"column\" data-e-type=\"column\">\n\t\t\t<div class=\"elementor-widget-wrap elementor-element-populated\">\n\t\t\t\t\t\t<div class=\"elementor-element elementor-element-573c4f1 elementor-widget elementor-widget-image\" data-id=\"573c4f1\" data-element_type=\"widget\" data-e-type=\"widget\" data-widget_type=\"image.default\">\n\t\t\t\t<div class=\"elementor-widget-container\">\n\t\t\t\t\t\t\t\t\t\t\t\t\t\t\t\t<a href=\"https:\/\/petrarumdomus.com\/wp-content\/uploads\/2020\/07\/provas-de-ginja-obidos-2.jpg\" data-elementor-open-lightbox=\"yes\" data-e-action-hash=\"#elementor-action%3Aaction%3Dlightbox%26settings%3DeyJpZCI6MzA4MywidXJsIjoiaHR0cHM6XC9cL3BldHJhcnVtZG9tdXMuY29tXC93cC1jb250ZW50XC91cGxvYWRzXC8yMDIwXC8wN1wvcHJvdmFzLWRlLWdpbmphLW9iaWRvcy0yLmpwZyJ9\">\n\t\t\t\t\t\t\t<img fetchpriority=\"high\" decoding=\"async\" width=\"1296\" height=\"864\" src=\"https:\/\/petrarumdomus.com\/wp-content\/uploads\/2020\/07\/provas-de-ginja-obidos-2.jpg\" class=\"attachment-full size-full wp-image-3083\" alt=\"\" srcset=\"https:\/\/petrarumdomus.com\/wp-content\/uploads\/2020\/07\/provas-de-ginja-obidos-2.jpg 1296w, https:\/\/petrarumdomus.com\/wp-content\/uploads\/2020\/07\/provas-de-ginja-obidos-2-300x200.jpg 300w, https:\/\/petrarumdomus.com\/wp-content\/uploads\/2020\/07\/provas-de-ginja-obidos-2-1024x683.jpg 1024w, https:\/\/petrarumdomus.com\/wp-content\/uploads\/2020\/07\/provas-de-ginja-obidos-2-768x512.jpg 768w\" sizes=\"(max-width: 1296px) 100vw, 1296px\" \/>\t\t\t\t\t\t\t\t<\/a>\n\t\t\t\t\t\t\t\t\t\t\t\t\t\t\t<\/div>\n\t\t\t\t<\/div>\n\t\t\t\t\t<\/div>\n\t\t<\/div>\n\t\t\t\t<div class=\"elementor-column elementor-col-33 elementor-top-column elementor-element elementor-element-a32f043 ova-video-min-height-400\" data-id=\"a32f043\" data-element_type=\"column\" data-e-type=\"column\">\n\t\t\t<div class=\"elementor-widget-wrap elementor-element-populated\">\n\t\t\t\t\t\t<div class=\"elementor-element elementor-element-9e3a418 elementor-widget elementor-widget-image\" data-id=\"9e3a418\" data-element_type=\"widget\" data-e-type=\"widget\" data-widget_type=\"image.default\">\n\t\t\t\t<div class=\"elementor-widget-container\">\n\t\t\t\t\t\t\t\t\t\t\t\t\t\t\t\t<a href=\"https:\/\/petrarumdomus.com\/wp-content\/uploads\/2020\/07\/provas-de-ginja-obidos-1.jpg\" data-elementor-open-lightbox=\"yes\" data-e-action-hash=\"#elementor-action%3Aaction%3Dlightbox%26settings%3DeyJpZCI6MzA5MSwidXJsIjoiaHR0cHM6XC9cL3BldHJhcnVtZG9tdXMuY29tXC93cC1jb250ZW50XC91cGxvYWRzXC8yMDIwXC8wN1wvcHJvdmFzLWRlLWdpbmphLW9iaWRvcy0xLmpwZyJ9\">\n\t\t\t\t\t\t\t<img decoding=\"async\" width=\"1296\" height=\"864\" src=\"https:\/\/petrarumdomus.com\/wp-content\/uploads\/2020\/07\/provas-de-ginja-obidos-1.jpg\" class=\"attachment-full size-full wp-image-3091\" alt=\"\" srcset=\"https:\/\/petrarumdomus.com\/wp-content\/uploads\/2020\/07\/provas-de-ginja-obidos-1.jpg 1296w, https:\/\/petrarumdomus.com\/wp-content\/uploads\/2020\/07\/provas-de-ginja-obidos-1-300x200.jpg 300w, https:\/\/petrarumdomus.com\/wp-content\/uploads\/2020\/07\/provas-de-ginja-obidos-1-1024x683.jpg 1024w, https:\/\/petrarumdomus.com\/wp-content\/uploads\/2020\/07\/provas-de-ginja-obidos-1-768x512.jpg 768w\" sizes=\"(max-width: 1296px) 100vw, 1296px\" \/>\t\t\t\t\t\t\t\t<\/a>\n\t\t\t\t\t\t\t\t\t\t\t\t\t\t\t<\/div>\n\t\t\t\t<\/div>\n\t\t\t\t\t<\/div>\n\t\t<\/div>\n\t\t\t\t<div class=\"elementor-column elementor-col-33 elementor-top-column elementor-element elementor-element-6e6de68 ova-video-min-height-400\" data-id=\"6e6de68\" data-element_type=\"column\" data-e-type=\"column\">\n\t\t\t<div class=\"elementor-widget-wrap elementor-element-populated\">\n\t\t\t\t\t\t<div class=\"elementor-element elementor-element-cdd86c9 elementor-widget elementor-widget-image\" data-id=\"cdd86c9\" data-element_type=\"widget\" data-e-type=\"widget\" data-widget_type=\"image.default\">\n\t\t\t\t<div class=\"elementor-widget-container\">\n\t\t\t\t\t\t\t\t\t\t\t\t\t\t\t\t<a href=\"https:\/\/petrarumdomus.com\/wp-content\/uploads\/2020\/07\/provas-de-ginja-obidos-3.jpg\" data-elementor-open-lightbox=\"yes\" data-e-action-hash=\"#elementor-action%3Aaction%3Dlightbox%26settings%3DeyJpZCI6MzA5MiwidXJsIjoiaHR0cHM6XC9cL3BldHJhcnVtZG9tdXMuY29tXC93cC1jb250ZW50XC91cGxvYWRzXC8yMDIwXC8wN1wvcHJvdmFzLWRlLWdpbmphLW9iaWRvcy0zLmpwZyJ9\">\n\t\t\t\t\t\t\t<img decoding=\"async\" width=\"1296\" height=\"864\" src=\"https:\/\/petrarumdomus.com\/wp-content\/uploads\/2020\/07\/provas-de-ginja-obidos-3.jpg\" class=\"attachment-full size-full wp-image-3092\" alt=\"\" srcset=\"https:\/\/petrarumdomus.com\/wp-content\/uploads\/2020\/07\/provas-de-ginja-obidos-3.jpg 1296w, https:\/\/petrarumdomus.com\/wp-content\/uploads\/2020\/07\/provas-de-ginja-obidos-3-300x200.jpg 300w, https:\/\/petrarumdomus.com\/wp-content\/uploads\/2020\/07\/provas-de-ginja-obidos-3-1024x683.jpg 1024w, https:\/\/petrarumdomus.com\/wp-content\/uploads\/2020\/07\/provas-de-ginja-obidos-3-768x512.jpg 768w\" sizes=\"(max-width: 1296px) 100vw, 1296px\" \/>\t\t\t\t\t\t\t\t<\/a>\n\t\t\t\t\t\t\t\t\t\t\t\t\t\t\t<\/div>\n\t\t\t\t<\/div>\n\t\t\t\t\t<\/div>\n\t\t<\/div>\n\t\t\t\t\t<\/div>\n\t\t<\/section>\n\t\t\t\t<section class=\"elementor-section elementor-top-section elementor-element elementor-element-a575b89 elementor-section-boxed elementor-section-height-default elementor-section-height-default\" data-id=\"a575b89\" data-element_type=\"section\" data-e-type=\"section\" data-settings=\"{&quot;background_background&quot;:&quot;classic&quot;}\">\n\t\t\t\t\t\t<div class=\"elementor-container elementor-column-gap-default\">\n\t\t\t\t\t<div class=\"elementor-column elementor-col-25 elementor-top-column elementor-element elementor-element-26863b9\" data-id=\"26863b9\" data-element_type=\"column\" data-e-type=\"column\">\n\t\t\t<div class=\"elementor-widget-wrap elementor-element-populated\">\n\t\t\t\t\t\t<div class=\"elementor-element elementor-element-ae84ce5 elementor-widget elementor-widget-heading\" data-id=\"ae84ce5\" data-element_type=\"widget\" data-e-type=\"widget\" data-widget_type=\"heading.default\">\n\t\t\t\t<div class=\"elementor-widget-container\">\n\t\t\t\t\t<h1 class=\"elementor-heading-title elementor-size-default\">We are open<\/h1>\t\t\t\t<\/div>\n\t\t\t\t<\/div>\n\t\t\t\t<div class=\"elementor-element elementor-element-f9d418e elementor-widget elementor-widget-heading\" data-id=\"f9d418e\" data-element_type=\"widget\" data-e-type=\"widget\" data-widget_type=\"heading.default\">\n\t\t\t\t<div class=\"elementor-widget-container\">\n\t\t\t\t\t<h1 class=\"elementor-heading-title elementor-size-default\">From 9:30 AM to 11:00 PM<\/h1>\t\t\t\t<\/div>\n\t\t\t\t<\/div>\n\t\t\t\t<div class=\"elementor-element elementor-element-7396904 elementor-widget elementor-widget-heading\" data-id=\"7396904\" data-element_type=\"widget\" data-e-type=\"widget\" data-widget_type=\"heading.default\">\n\t\t\t\t<div class=\"elementor-widget-container\">\n\t\t\t\t\t<h1 class=\"elementor-heading-title elementor-size-default\">Every day<\/h1>\t\t\t\t<\/div>\n\t\t\t\t<\/div>\n\t\t\t\t\t<\/div>\n\t\t<\/div>\n\t\t\t\t<div class=\"elementor-column elementor-col-25 elementor-top-column elementor-element elementor-element-82e0be1\" data-id=\"82e0be1\" data-element_type=\"column\" data-e-type=\"column\">\n\t\t\t<div class=\"elementor-widget-wrap elementor-element-populated\">\n\t\t\t\t\t\t<div class=\"elementor-element elementor-element-6ab0ef3 elementor-widget elementor-widget-heading\" data-id=\"6ab0ef3\" data-element_type=\"widget\" data-e-type=\"widget\" data-widget_type=\"heading.default\">\n\t\t\t\t<div class=\"elementor-widget-container\">\n\t\t\t\t\t<h1 class=\"elementor-heading-title elementor-size-default\">Lunches<\/h1>\t\t\t\t<\/div>\n\t\t\t\t<\/div>\n\t\t\t\t<div class=\"elementor-element elementor-element-26eff79 elementor-widget elementor-widget-heading\" data-id=\"26eff79\" data-element_type=\"widget\" data-e-type=\"widget\" data-widget_type=\"heading.default\">\n\t\t\t\t<div class=\"elementor-widget-container\">\n\t\t\t\t\t<h1 class=\"elementor-heading-title elementor-size-default\">From 12:00 AM to 3:30 PM<\/h1>\t\t\t\t<\/div>\n\t\t\t\t<\/div>\n\t\t\t\t<div class=\"elementor-element elementor-element-57c1083 elementor-widget elementor-widget-heading\" data-id=\"57c1083\" data-element_type=\"widget\" data-e-type=\"widget\" data-widget_type=\"heading.default\">\n\t\t\t\t<div class=\"elementor-widget-container\">\n\t\t\t\t\t<h1 class=\"elementor-heading-title elementor-size-default\">Every day<\/h1>\t\t\t\t<\/div>\n\t\t\t\t<\/div>\n\t\t\t\t\t<\/div>\n\t\t<\/div>\n\t\t\t\t<div class=\"elementor-column elementor-col-25 elementor-top-column elementor-element elementor-element-6547882\" data-id=\"6547882\" data-element_type=\"column\" data-e-type=\"column\">\n\t\t\t<div class=\"elementor-widget-wrap elementor-element-populated\">\n\t\t\t\t\t\t<div class=\"elementor-element elementor-element-7170408 elementor-widget elementor-widget-heading\" data-id=\"7170408\" data-element_type=\"widget\" data-e-type=\"widget\" data-widget_type=\"heading.default\">\n\t\t\t\t<div class=\"elementor-widget-container\">\n\t\t\t\t\t<h1 class=\"elementor-heading-title elementor-size-default\">Afternoon Snacks<\/h1>\t\t\t\t<\/div>\n\t\t\t\t<\/div>\n\t\t\t\t<div class=\"elementor-element elementor-element-394b765 elementor-widget elementor-widget-heading\" data-id=\"394b765\" data-element_type=\"widget\" data-e-type=\"widget\" data-widget_type=\"heading.default\">\n\t\t\t\t<div class=\"elementor-widget-container\">\n\t\t\t\t\t<h1 class=\"elementor-heading-title elementor-size-default\">From 3:30 PM to 7:00 PM<\/h1>\t\t\t\t<\/div>\n\t\t\t\t<\/div>\n\t\t\t\t<div class=\"elementor-element elementor-element-0b2da28 elementor-widget elementor-widget-heading\" data-id=\"0b2da28\" data-element_type=\"widget\" data-e-type=\"widget\" data-widget_type=\"heading.default\">\n\t\t\t\t<div class=\"elementor-widget-container\">\n\t\t\t\t\t<h1 class=\"elementor-heading-title elementor-size-default\">Every day<\/h1>\t\t\t\t<\/div>\n\t\t\t\t<\/div>\n\t\t\t\t\t<\/div>\n\t\t<\/div>\n\t\t\t\t<div class=\"elementor-column elementor-col-25 elementor-top-column elementor-element elementor-element-1ec6865\" data-id=\"1ec6865\" data-element_type=\"column\" data-e-type=\"column\">\n\t\t\t<div class=\"elementor-widget-wrap elementor-element-populated\">\n\t\t\t\t\t\t<div class=\"elementor-element elementor-element-31df0e4 elementor-widget elementor-widget-heading\" data-id=\"31df0e4\" data-element_type=\"widget\" data-e-type=\"widget\" data-widget_type=\"heading.default\">\n\t\t\t\t<div class=\"elementor-widget-container\">\n\t\t\t\t\t<h1 class=\"elementor-heading-title elementor-size-default\">Dinners<\/h1>\t\t\t\t<\/div>\n\t\t\t\t<\/div>\n\t\t\t\t<div class=\"elementor-element elementor-element-d9c1f1e elementor-widget elementor-widget-heading\" data-id=\"d9c1f1e\" data-element_type=\"widget\" data-e-type=\"widget\" data-widget_type=\"heading.default\">\n\t\t\t\t<div class=\"elementor-widget-container\">\n\t\t\t\t\t<h1 class=\"elementor-heading-title elementor-size-default\">From 7:00 PM  to 10:00 PM<\/h1>\t\t\t\t<\/div>\n\t\t\t\t<\/div>\n\t\t\t\t<div class=\"elementor-element elementor-element-a9975c8 elementor-widget elementor-widget-heading\" data-id=\"a9975c8\" data-element_type=\"widget\" data-e-type=\"widget\" data-widget_type=\"heading.default\">\n\t\t\t\t<div class=\"elementor-widget-container\">\n\t\t\t\t\t<h1 class=\"elementor-heading-title elementor-size-default\">Every day<\/h1>\t\t\t\t<\/div>\n\t\t\t\t<\/div>\n\t\t\t\t\t<\/div>\n\t\t<\/div>\n\t\t\t\t\t<\/div>\n\t\t<\/section>\n\t\t\t\t<\/div>\n\t\t","protected":false},"excerpt":{"rendered":"<p>Ginja Tasting From 10:00 AM to 10:00 PM Try the celebrated liquor Ginja de \u00d3bidos We invite all visitors, to \u00d3bidos and to our space, to try our most famous local drink: the famous Ginja de \u00d3bidos. We have at your disposal the best and most varied brands, simple, in a chocolate cup, with &#8220;them&#8221; [&hellip;]<\/p>\n","protected":false},"author":1,"featured_media":0,"parent":0,"menu_order":0,"comment_status":"closed","ping_status":"closed","template":"elementor_header_footer","meta":{"footnotes":""},"class_list":["post-3244","page","type-page","status-publish","hentry"],"_links":{"self":[{"href":"https:\/\/petrarumdomus.com\/en\/wp-json\/wp\/v2\/pages\/3244","targetHints":{"allow":["GET"]}}],"collection":[{"href":"https:\/\/petrarumdomus.com\/en\/wp-json\/wp\/v2\/pages"}],"about":[{"href":"https:\/\/petrarumdomus.com\/en\/wp-json\/wp\/v2\/types\/page"}],"author":[{"embeddable":true,"href":"https:\/\/petrarumdomus.com\/en\/wp-json\/wp\/v2\/users\/1"}],"replies":[{"embeddable":true,"href":"https:\/\/petrarumdomus.com\/en\/wp-json\/wp\/v2\/comments?post=3244"}],"version-history":[{"count":0,"href":"https:\/\/petrarumdomus.com\/en\/wp-json\/wp\/v2\/pages\/3244\/revisions"}],"wp:attachment":[{"href":"https:\/\/petrarumdomus.com\/en\/wp-json\/wp\/v2\/media?parent=3244"}],"curies":[{"name":"wp","href":"https:\/\/api.w.org\/{rel}","templated":true}]}}